{"id":7112,"date":"2014-10-07T10:00:32","date_gmt":"2014-10-07T10:00:32","guid":{"rendered":"http:\/\/www.digitalmagics.com\/?page_id=7112"},"modified":"2022-02-14T08:17:23","modified_gmt":"2022-02-14T08:17:23","slug":"investor-relations-3","status":"publish","type":"page","link":"https:\/\/digitalmagics.stage.de.dol.it\/en\/investor-relations-3\/","title":{"rendered":"Investor relations"},"content":{"rendered":"<p><a href=\"http:\/\/www.digitalmagics.com\/wp-content\/uploads\/2014\/10\/DIGITAL-MAGICS-Company-Profile_short_June-2019.pdf\" rel=\"\">Company\u00c2&nbsp;Presentation<\/a>\u00c2&nbsp;&#8211; June 17, 2019<\/p>\n<p><a href=\"http:\/\/www.digitalmagics.com\/wp-content\/uploads\/2014\/10\/Presentazione-DIGITAL-MAGICS-OTTOBRE-2017.pdf\" rel=\"\">Company Presentation<\/a>\u00c2&nbsp;-\u00c2&nbsp;October\u00c2&nbsp;2017<\/p>\n<p><a href=\"http:\/\/www.digitalmagics.com\/wp-content\/uploads\/2014\/10\/Company-Profile-Digital-Magics_May-19th-2016.pdf\" rel=\"\">Company Presentation at\u00c2&nbsp;<em>EUROPEAN MID SMALL CAP FORUM<\/em><\/a>\u00c2&nbsp;&#8211; May 19, 2016<\/p>\n<p><a href=\"http:\/\/www.digitalmagics.com\/wp-content\/uploads\/2014\/10\/Nov-2015-DigitalMagics-Corporate-Presentation.pdf\">Company Presentation at <em>SMALL CAP CONFERENCE 2015 <\/em>by Borsa Italiana (Italian Stock Exchange)<\/a>\u00c2&nbsp;&#8211; November 19, 2015<\/p>\n<p><a href=\"http:\/\/www.digitalmagics.com\/wp-content\/uploads\/2014\/10\/LUGANO-25-09-2015.pdf\">Company Presentation at\u00c2&nbsp;<em>LUGANO SMALL &amp; MID CAP INVESTOR DAY\u00c2&nbsp;<\/em><\/a>&#8211; September 25, 2015<\/p>\n<p><a href=\"http:\/\/www.digitalmagics.com\/wp-content\/uploads\/2014\/10\/ROMA-13-05-2015.pdf\">Company Presentation at <em>DIGITAL MAGICS ROADSHOW ROME &#8220;DIGITAL MADE IN ITALY&#8221;<\/em><\/a>\u00c2&nbsp;&#8211; May 13, 2015<\/p>\n<p><a href=\"http:\/\/www.digitalmagics.com\/wp-content\/uploads\/2014\/10\/2015-04-15-AIM-INVESTOR-DAY.pdf\">Company Presentation at <em>AIM INVESTOR DAY<\/em><\/a>\u00c2&nbsp;\u00e2\u20ac\u201c April 15, 2015<\/p>\n","protected":false},"excerpt":{"rendered":"<p>Company\u00c2&nbsp;Presentation\u00c2&nbsp;&#8211; June 17, 2019 Company Presentation\u00c2&nbsp;-\u00c2&nbsp;October\u00c2&nbsp;2017 Company Presentation at\u00c2&nbsp;EUROPEAN MID SMALL CAP FORUM\u00c2&nbsp;&#8211; May 19, 2016 Company Presentation at SMALL CAP CONFERENCE 2015 by Borsa Italiana (Italian Stock Exchange)\u00c2&nbsp;&#8211; November 19, 2015 Company Presentation at\u00c2&nbsp;LUGANO SMALL &amp; MID CAP INVESTOR DAY\u00c2&nbsp;&#8211; September 25, 2015 Company Presentation at DIGITAL MAGICS ROADSHOW ROME &#8220;DIGITAL MADE IN ITALY&#8221;\u00c2&nbsp;&#8211; [&#8230;]<\/p>\n<p><a class=\"btn btn-secondary understrap-read-more-link\" href=\"https:\/\/digitalmagics.stage.de.dol.it\/en\/investor-relations-3\/\">Read More&#8230;<\/a><\/p>\n","protected":false},"author":1,"featured_media":0,"parent":0,"menu_order":0,"comment_status":"closed","ping_status":"closed","template":"","meta":[],"acf":[],"yoast_head":"<!-- This site is optimized with the Yoast SEO plugin v18.1 - https:\/\/yoast.com\/wordpress\/plugins\/seo\/ -->\n<title>Investor relations - Digital Magics<\/title>\n<meta name=\"robots\" content=\"noindex, follow, max-snippet:-1, max-image-preview:large, max-video-preview:-1\" \/>\n<meta property=\"og:locale\" content=\"en_US\" \/>\n<meta property=\"og:type\" content=\"article\" \/>\n<meta property=\"og:title\" content=\"Investor relations - Digital Magics\" \/>\n<meta property=\"og:description\" content=\"Company\u00c2&nbsp;Presentation\u00c2&nbsp;&#8211; June 17, 2019 Company Presentation\u00c2&nbsp;-\u00c2&nbsp;October\u00c2&nbsp;2017 Company Presentation at\u00c2&nbsp;EUROPEAN MID SMALL CAP FORUM\u00c2&nbsp;&#8211; May 19, 2016 Company Presentation at SMALL CAP CONFERENCE 2015 by Borsa Italiana (Italian Stock Exchange)\u00c2&nbsp;&#8211; November 19, 2015 Company Presentation at\u00c2&nbsp;LUGANO SMALL &amp; MID CAP INVESTOR DAY\u00c2&nbsp;&#8211; September 25, 2015 Company Presentation at DIGITAL MAGICS ROADSHOW ROME &#8220;DIGITAL MADE IN ITALY&#8221;\u00c2&nbsp;&#8211; [...]Read More...\" \/>\n<meta property=\"og:url\" content=\"https:\/\/digitalmagics.stage.de.dol.it\/en\/investor-relations-3\/\" \/>\n<meta property=\"og:site_name\" content=\"Digital Magics\" \/>\n<meta property=\"article:modified_time\" content=\"2022-02-14T08:17:23+00:00\" \/>\n<meta name=\"twitter:card\" content=\"summary_large_image\" \/>\n<script type=\"application\/ld+json\" class=\"yoast-schema-graph\">{\"@context\":\"https:\/\/schema.org\",\"@graph\":[{\"@type\":\"WebSite\",\"@id\":\"https:\/\/digitalmagics.stage.de.dol.it\/#website\",\"url\":\"https:\/\/digitalmagics.stage.de.dol.it\/\",\"name\":\"Digital Magics\",\"description\":\"The Italian Business Incubator\",\"potentialAction\":[{\"@type\":\"SearchAction\",\"target\":{\"@type\":\"EntryPoint\",\"urlTemplate\":\"https:\/\/digitalmagics.stage.de.dol.it\/?s={search_term_string}\"},\"query-input\":\"required name=search_term_string\"}],\"inLanguage\":\"en-US\"},{\"@type\":\"WebPage\",\"@id\":\"https:\/\/digitalmagics.stage.de.dol.it\/en\/investor-relations-3\/#webpage\",\"url\":\"https:\/\/digitalmagics.stage.de.dol.it\/en\/investor-relations-3\/\",\"name\":\"Investor relations - Digital Magics\",\"isPartOf\":{\"@id\":\"https:\/\/digitalmagics.stage.de.dol.it\/#website\"},\"datePublished\":\"2014-10-07T10:00:32+00:00\",\"dateModified\":\"2022-02-14T08:17:23+00:00\",\"breadcrumb\":{\"@id\":\"https:\/\/digitalmagics.stage.de.dol.it\/en\/investor-relations-3\/#breadcrumb\"},\"inLanguage\":\"en-US\",\"potentialAction\":[{\"@type\":\"ReadAction\",\"target\":[\"https:\/\/digitalmagics.stage.de.dol.it\/en\/investor-relations-3\/\"]}]},{\"@type\":\"BreadcrumbList\",\"@id\":\"https:\/\/digitalmagics.stage.de.dol.it\/en\/investor-relations-3\/#breadcrumb\",\"itemListElement\":[{\"@type\":\"ListItem\",\"position\":1,\"name\":\"Home\",\"item\":\"https:\/\/digitalmagics.stage.de.dol.it\/en\/\"},{\"@type\":\"ListItem\",\"position\":2,\"name\":\"Investor relations\"}]}]}<\/script>\n<!-- \/ Yoast SEO plugin. -->","yoast_head_json":{"title":"Investor relations - Digital Magics","robots":{"index":"noindex","follow":"follow","max-snippet":"max-snippet:-1","max-image-preview":"max-image-preview:large","max-video-preview":"max-video-preview:-1"},"og_locale":"en_US","og_type":"article","og_title":"Investor relations - Digital Magics","og_description":"Company\u00c2&nbsp;Presentation\u00c2&nbsp;&#8211; June 17, 2019 Company Presentation\u00c2&nbsp;-\u00c2&nbsp;October\u00c2&nbsp;2017 Company Presentation at\u00c2&nbsp;EUROPEAN MID SMALL CAP FORUM\u00c2&nbsp;&#8211; May 19, 2016 Company Presentation at SMALL CAP CONFERENCE 2015 by Borsa Italiana (Italian Stock Exchange)\u00c2&nbsp;&#8211; November 19, 2015 Company Presentation at\u00c2&nbsp;LUGANO SMALL &amp; MID CAP INVESTOR DAY\u00c2&nbsp;&#8211; September 25, 2015 Company Presentation at DIGITAL MAGICS ROADSHOW ROME &#8220;DIGITAL MADE IN ITALY&#8221;\u00c2&nbsp;&#8211; [...]Read More...","og_url":"https:\/\/digitalmagics.stage.de.dol.it\/en\/investor-relations-3\/","og_site_name":"Digital Magics","article_modified_time":"2022-02-14T08:17:23+00:00","twitter_card":"summary_large_image","schema":{"@context":"https:\/\/schema.org","@graph":[{"@type":"WebSite","@id":"https:\/\/digitalmagics.stage.de.dol.it\/#website","url":"https:\/\/digitalmagics.stage.de.dol.it\/","name":"Digital Magics","description":"The Italian Business Incubator","potentialAction":[{"@type":"SearchAction","target":{"@type":"EntryPoint","urlTemplate":"https:\/\/digitalmagics.stage.de.dol.it\/?s={search_term_string}"},"query-input":"required name=search_term_string"}],"inLanguage":"en-US"},{"@type":"WebPage","@id":"https:\/\/digitalmagics.stage.de.dol.it\/en\/investor-relations-3\/#webpage","url":"https:\/\/digitalmagics.stage.de.dol.it\/en\/investor-relations-3\/","name":"Investor relations - Digital Magics","isPartOf":{"@id":"https:\/\/digitalmagics.stage.de.dol.it\/#website"},"datePublished":"2014-10-07T10:00:32+00:00","dateModified":"2022-02-14T08:17:23+00:00","breadcrumb":{"@id":"https:\/\/digitalmagics.stage.de.dol.it\/en\/investor-relations-3\/#breadcrumb"},"inLanguage":"en-US","potentialAction":[{"@type":"ReadAction","target":["https:\/\/digitalmagics.stage.de.dol.it\/en\/investor-relations-3\/"]}]},{"@type":"BreadcrumbList","@id":"https:\/\/digitalmagics.stage.de.dol.it\/en\/investor-relations-3\/#breadcrumb","itemListElement":[{"@type":"ListItem","position":1,"name":"Home","item":"https:\/\/digitalmagics.stage.de.dol.it\/en\/"},{"@type":"ListItem","position":2,"name":"Investor relations"}]}]}},"acf_fields":{"visualizza_menu_pagine_collegate_sottopagine":true,"attiva_pagina_protetta":false,"immagine":false,"titolo":"","abstract":"","bottoni":false,"copertina":{"immagine":false,"titolo":"","abstract":"","bottoni":false}},"_links":{"self":[{"href":"https:\/\/digitalmagics.stage.de.dol.it\/en\/wp-json\/wp\/v2\/pages\/7112"}],"collection":[{"href":"https:\/\/digitalmagics.stage.de.dol.it\/en\/wp-json\/wp\/v2\/pages"}],"about":[{"href":"https:\/\/digitalmagics.stage.de.dol.it\/en\/wp-json\/wp\/v2\/types\/page"}],"author":[{"embeddable":true,"href":"https:\/\/digitalmagics.stage.de.dol.it\/en\/wp-json\/wp\/v2\/users\/1"}],"replies":[{"embeddable":true,"href":"https:\/\/digitalmagics.stage.de.dol.it\/en\/wp-json\/wp\/v2\/comments?post=7112"}],"version-history":[{"count":3,"href":"https:\/\/digitalmagics.stage.de.dol.it\/en\/wp-json\/wp\/v2\/pages\/7112\/revisions"}],"predecessor-version":[{"id":26353,"href":"https:\/\/digitalmagics.stage.de.dol.it\/en\/wp-json\/wp\/v2\/pages\/7112\/revisions\/26353"}],"wp:attachment":[{"href":"https:\/\/digitalmagics.stage.de.dol.it\/en\/wp-json\/wp\/v2\/media?parent=7112"}],"curies":[{"name":"wp","href":"https:\/\/api.w.org\/{rel}","templated":true}]}}