{"id":7339,"date":"2015-01-20T08:59:20","date_gmt":"2015-01-20T08:59:20","guid":{"rendered":"http:\/\/www.digitalmagics.com\/?page_id=7339"},"modified":"2022-02-11T23:36:10","modified_gmt":"2022-02-11T23:36:10","slug":"contacts-2","status":"publish","type":"page","link":"https:\/\/digitalmagics.stage.de.dol.it\/en\/who\/contacts-2\/","title":{"rendered":"Contacts"},"content":{"rendered":"<p><!--:en--><strong>Digital Magics S.p.A.<\/strong> Via\u00c2&nbsp;B. Quaranta, 40\u00c2&nbsp;&#8211; 20139 Milan\u00c2&nbsp;<a href=\"http:\/\/maps.google.it\/maps\/place?q=digital+magics&amp;hl=it&amp;cid=6865788146808627229\" target=\"_blank\" rel=\"noopener\">(Google Maps)<\/a><\/p>\n<p>Tel: +39 02 525051 Fax: +39 02 36598402 <a href=\"mailto:info@digitalmagics.com\">info@digitalmagics.com<\/a><\/p>\n<p><strong>Press Office<\/strong> <a href=\"mailto:ufficiostampa@digitalmagics.com\">ufficiostampa@digitalmagics.com<\/a><\/p>\n<p><strong>Investor Relations\u00c2&nbsp;<\/strong><a href=\"mailto:investorrelations@digitalmagics.com\">investorrelations@digitalmagics.com<\/a><\/p>\n<p><strong>IR TOP\u00c2&nbsp;<\/strong>Floriana Vitale\u00c2&nbsp;<a href=\"mailto:f.vitale@irtop.com\">f.vitale@irtop.com<\/a>\u00c2&nbsp;&#8211; Domenico Gentile\u00c2&nbsp;<a href=\"mailto:d.gentile@irtop.com\">d.gentile@irtop.com<\/a><!--:--><\/p>\n<p>&nbsp;<\/p>\n<p>&nbsp;<\/p>\n<div id=\"vfb-form-3\" class=\"visual-form-builder-container\"><form id=\"contact-form-3\" class=\"visual-form-builder vfb-form-3 \" method=\"post\" enctype=\"multipart\/form-data\">\n\t<input type=\"hidden\" name=\"form_id\" value=\"3\" \/><fieldset class=\"vfb-fieldset vfb-fieldset-1 contattaci-contact-us \" id=\"item-vfb-23\"><div class=\"vfb-legend\"><h3>Contattaci \/ Contact us<\/h3><\/div><ul class=\"vfb-section vfb-section-1\"><li class=\"vfb-item vfb-item-instructions  \" id=\"item-vfb-57\"><label class=\"vfb-desc\"> <\/label><div class=\"it-translate\">Il titolare del Trattamento \u00e8 Digital Magics S.p.A., con sede legale in Milano, Via Bernardo Quaranta, 40, C.F.\/P.IVA e Registro imprese di Milano n. 04066730963 (\u201cDigital Magics\u201d).<br>\r\n<a href=\"http:\/\/www.digitalmagics.com\/privacy-policy\/\" target=\"_blank\">Privacy Policy<\/a>\r\n<\/div>\r\n<div class=\"en-translate\">The data controller is Digital Magics S.p.A., with registered office in Via Bernardo Quaranta, 40,\r\n20139, Milan (MI), CF, VAT and Milan Company Register n. 04066730963.<br>\r\n<a href=\"http:\/\/www.digitalmagics.com\/en\/privacy-policy\/\" target=\"_blank\">Privacy Policy<\/a>\r\n<\/div><\/li><li class=\"vfb-item vfb-item-text  \" id=\"item-vfb-27\"><label for=\"vfb-27\" class=\"vfb-desc\">Nome \/ Name  <span class=\"vfb-required-asterisk\">*<\/span><\/label><input type=\"text\" name=\"vfb-27\" id=\"vfb-27\" value=\"\" class=\"vfb-text  vfb-medium  required  \" \/><\/li><li class=\"vfb-item vfb-item-email  \" id=\"item-vfb-30\"><label for=\"vfb-30\" class=\"vfb-desc\">Email  <span class=\"vfb-required-asterisk\">*<\/span><\/label><input type=\"email\" name=\"vfb-30\" id=\"vfb-30\" value=\"\" class=\"vfb-text  vfb-medium  required  email \" \/><\/li><li class=\"vfb-item vfb-item-phone  \" id=\"item-vfb-28\"><label for=\"vfb-28\" class=\"vfb-desc\">Telefono \/ Phone <\/label><input type=\"tel\" name=\"vfb-28\" id=\"vfb-28\" value=\"\" class=\"vfb-text  vfb-medium   phone \" \/><\/li><li class=\"vfb-item vfb-item-textarea  \" id=\"item-vfb-29\"><label for=\"vfb-29\" class=\"vfb-desc\">Messaggio \/ Message  <span class=\"vfb-required-asterisk\">*<\/span><\/label><div><textarea name=\"vfb-29\" id=\"vfb-29\" class=\"vfb-textarea  vfb-medium  required \"><\/textarea><\/div><\/li><li class=\"vfb-item vfb-item-checkbox  \" id=\"item-vfb-58\"><label class=\"vfb-desc\">Dati personali \/ personal data  <span class=\"vfb-required-asterisk\">*<\/span><\/label><div><span class=\"vfb-span\"><input type=\"checkbox\" name=\"vfb-58[]\" id=\"vfb-58-0\" value=\"&lt;div class=&quot;it-translate&quot;&gt;Autorizzo Digital Magics al trattamento dei miei dati personali (dati identificativi e di contatto), per la gestione della mia richiesta di contatto&lt;\/div&gt; &lt;div class=&quot;en-translate&quot;&gt;I agree to the processing of my personal data (identifying and contact data) by Digital Magics, for the management of my contact request&lt;\/div&gt;\" class=\"vfb-checkbox  required \" \/><label for=\"vfb-58-0\" class=\"vfb-choice\"><div class=\"it-translate\">Autorizzo Digital Magics al trattamento dei miei dati personali (dati identificativi e di contatto), per la gestione della mia richiesta di contatto<\/div> <div class=\"en-translate\">I agree to the processing of my personal data (identifying and contact data) by Digital Magics, for the management of my contact request<\/div><\/label><\/span><div style=\"clear:both\"><\/div><\/div><\/li><li class=\"vfb-item vfb-item-instructions  \" id=\"item-vfb-59\"><label class=\"vfb-desc\"> <\/label><div class=\"it-translate\">Digital Magics informa che il consenso di cui sopra pu\u00f2 essere revocato in qualunque momento,\r\ntramite invio di specifica e-mail al seguente indirizzo: <a href=\"mailto:privacy@digitalmagics.com\">privacy@digitalmagics.com<\/a>. Tale revoca non\r\npregiudica la liceit\u00e0 del trattamento basata sul consenso precedentemente prestato ma impedisce a\r\nDigital Magics di rispondere alla Sua richiesta di contatto.\r\n<\/div>\r\n<div class=\"en-translate\">Digital Magics informs that the above consent may be revoked at any time, upon specific email\r\nsent to the following address: <a href=\"mailto:privacy@digitalmagics.com\">privacy@digitalmagics.com<\/a>. This revocation does not affect the\r\nlawfulness of prior usage based on the consent previously granted, but prevents Digital Magics\r\nfrom responding to your contact request.\r\n<\/div><\/li><\/ul>&nbsp;<\/fieldset><fieldset class=\"vfb-fieldset vfb-fieldset-2 verification \" id=\"item-vfb-24\" style=\"display:block\"><ul class=\"vfb-section vfb-section-2\"><li class=\"vfb-item vfb-item-secret\"  style=\"display:none;\" style=\"display:block\"><label for=\"vfb-25\" class=\"vfb-desc\">Inserisci un numero di due cifre \/ Please enter any two digits <span class=\"vfb-required-asterisk\">*<\/span><\/label><input type=\"hidden\" name=\"_vfb-secret\" value=\"vfb-25\" \/><span class=\"vfb-span\"><input type=\"text\" name=\"vfb-25\" id=\"vfb-25\" value=\"14\" class=\"vfb-text  vfb-medium  required {digits:true,maxlength:2,minlength:2} \" style=\"display:block\" \/><label>Example: 12<\/label><\/span><li style=\"display:none;\"><label>This box is for spam protection - <strong>please leave it blank<\/strong>:<\/label><div><input name=\"vfb-spam\" \/><\/div><\/li>\n\t<li class=\"vfb-item vfb-item-submit\" id=\"item-vfb-26\">\n\t\t\t\t<input type=\"submit\" name=\"vfb-submit\" id=\"vfb-26\" value=\"Submit\" class=\"vfb-submit \" \/>\n\t\t\t\t<\/li><\/ul>\n\t<\/fieldset><input type=\"hidden\" name=\"_wp_http_referer\" value=\"\/en\/wp-json\/wp\/v2\/pages\/7339\" \/><\/form><\/div> <!-- .visual-form-builder-container -->\n","protected":false},"excerpt":{"rendered":"<p>Digital Magics S.p.A. Via\u00c2&nbsp;B. Quaranta, 40\u00c2&nbsp;&#8211; 20139 Milan\u00c2&nbsp;(Google Maps) Tel: +39 02 525051 Fax: +39 02 36598402 info@digitalmagics.com Press Office ufficiostampa@digitalmagics.com Investor Relations\u00c2&nbsp;investorrelations@digitalmagics.com IR TOP\u00c2&nbsp;Floriana Vitale\u00c2&nbsp;f.vitale@irtop.com\u00c2&nbsp;&#8211; Domenico Gentile\u00c2&nbsp;d.gentile@irtop.com &nbsp; &nbsp; [&#8230;]<\/p>\n<p><a class=\"btn btn-secondary understrap-read-more-link\" href=\"https:\/\/digitalmagics.stage.de.dol.it\/en\/who\/contacts-2\/\">Read More&#8230;<\/a><\/p>\n","protected":false},"author":1,"featured_media":0,"parent":26151,"menu_order":0,"comment_status":"closed","ping_status":"closed","template":"","meta":[],"acf":[],"yoast_head":"<!-- This site is optimized with the Yoast SEO plugin v18.1 - https:\/\/yoast.com\/wordpress\/plugins\/seo\/ -->\n<title>Contacts - Digital Magics<\/title>\n<meta name=\"robots\" content=\"noindex, follow, max-snippet:-1, max-image-preview:large, max-video-preview:-1\" \/>\n<meta property=\"og:locale\" content=\"en_US\" \/>\n<meta property=\"og:type\" content=\"article\" \/>\n<meta property=\"og:title\" content=\"Contacts - Digital Magics\" \/>\n<meta property=\"og:description\" content=\"Digital Magics S.p.A. Via\u00c2&nbsp;B. Quaranta, 40\u00c2&nbsp;&#8211; 20139 Milan\u00c2&nbsp;(Google Maps) Tel: +39 02 525051 Fax: +39 02 36598402 info@digitalmagics.com Press Office ufficiostampa@digitalmagics.com Investor Relations\u00c2&nbsp;investorrelations@digitalmagics.com IR TOP\u00c2&nbsp;Floriana Vitale\u00c2&nbsp;f.vitale@irtop.com\u00c2&nbsp;&#8211; Domenico Gentile\u00c2&nbsp;d.gentile@irtop.com &nbsp; &nbsp; [...]Read More...\" \/>\n<meta property=\"og:url\" content=\"https:\/\/digitalmagics.stage.de.dol.it\/en\/who\/contacts-2\/\" \/>\n<meta property=\"og:site_name\" content=\"Digital Magics\" \/>\n<meta property=\"article:modified_time\" content=\"2022-02-11T23:36:10+00:00\" \/>\n<meta name=\"twitter:card\" content=\"summary_large_image\" \/>\n<script type=\"application\/ld+json\" class=\"yoast-schema-graph\">{\"@context\":\"https:\/\/schema.org\",\"@graph\":[{\"@type\":\"WebSite\",\"@id\":\"https:\/\/digitalmagics.stage.de.dol.it\/#website\",\"url\":\"https:\/\/digitalmagics.stage.de.dol.it\/\",\"name\":\"Digital Magics\",\"description\":\"The Italian Business Incubator\",\"potentialAction\":[{\"@type\":\"SearchAction\",\"target\":{\"@type\":\"EntryPoint\",\"urlTemplate\":\"https:\/\/digitalmagics.stage.de.dol.it\/?s={search_term_string}\"},\"query-input\":\"required name=search_term_string\"}],\"inLanguage\":\"en-US\"},{\"@type\":\"WebPage\",\"@id\":\"https:\/\/digitalmagics.stage.de.dol.it\/en\/who\/contacts-2\/#webpage\",\"url\":\"https:\/\/digitalmagics.stage.de.dol.it\/en\/who\/contacts-2\/\",\"name\":\"Contacts - Digital Magics\",\"isPartOf\":{\"@id\":\"https:\/\/digitalmagics.stage.de.dol.it\/#website\"},\"datePublished\":\"2015-01-20T08:59:20+00:00\",\"dateModified\":\"2022-02-11T23:36:10+00:00\",\"breadcrumb\":{\"@id\":\"https:\/\/digitalmagics.stage.de.dol.it\/en\/who\/contacts-2\/#breadcrumb\"},\"inLanguage\":\"en-US\",\"potentialAction\":[{\"@type\":\"ReadAction\",\"target\":[\"https:\/\/digitalmagics.stage.de.dol.it\/en\/who\/contacts-2\/\"]}]},{\"@type\":\"BreadcrumbList\",\"@id\":\"https:\/\/digitalmagics.stage.de.dol.it\/en\/who\/contacts-2\/#breadcrumb\",\"itemListElement\":[{\"@type\":\"ListItem\",\"position\":1,\"name\":\"Home\",\"item\":\"https:\/\/digitalmagics.stage.de.dol.it\/en\/\"},{\"@type\":\"ListItem\",\"position\":2,\"name\":\"Who\",\"item\":\"https:\/\/digitalmagics.stage.de.dol.it\/en\/who\/\"},{\"@type\":\"ListItem\",\"position\":3,\"name\":\"Contacts\"}]}]}<\/script>\n<!-- \/ Yoast SEO plugin. -->","yoast_head_json":{"title":"Contacts - Digital Magics","robots":{"index":"noindex","follow":"follow","max-snippet":"max-snippet:-1","max-image-preview":"max-image-preview:large","max-video-preview":"max-video-preview:-1"},"og_locale":"en_US","og_type":"article","og_title":"Contacts - Digital Magics","og_description":"Digital Magics S.p.A. Via\u00c2&nbsp;B. Quaranta, 40\u00c2&nbsp;&#8211; 20139 Milan\u00c2&nbsp;(Google Maps) Tel: +39 02 525051 Fax: +39 02 36598402 info@digitalmagics.com Press Office ufficiostampa@digitalmagics.com Investor Relations\u00c2&nbsp;investorrelations@digitalmagics.com IR TOP\u00c2&nbsp;Floriana Vitale\u00c2&nbsp;f.vitale@irtop.com\u00c2&nbsp;&#8211; Domenico Gentile\u00c2&nbsp;d.gentile@irtop.com &nbsp; &nbsp; [...]Read More...","og_url":"https:\/\/digitalmagics.stage.de.dol.it\/en\/who\/contacts-2\/","og_site_name":"Digital Magics","article_modified_time":"2022-02-11T23:36:10+00:00","twitter_card":"summary_large_image","schema":{"@context":"https:\/\/schema.org","@graph":[{"@type":"WebSite","@id":"https:\/\/digitalmagics.stage.de.dol.it\/#website","url":"https:\/\/digitalmagics.stage.de.dol.it\/","name":"Digital Magics","description":"The Italian Business Incubator","potentialAction":[{"@type":"SearchAction","target":{"@type":"EntryPoint","urlTemplate":"https:\/\/digitalmagics.stage.de.dol.it\/?s={search_term_string}"},"query-input":"required name=search_term_string"}],"inLanguage":"en-US"},{"@type":"WebPage","@id":"https:\/\/digitalmagics.stage.de.dol.it\/en\/who\/contacts-2\/#webpage","url":"https:\/\/digitalmagics.stage.de.dol.it\/en\/who\/contacts-2\/","name":"Contacts - Digital Magics","isPartOf":{"@id":"https:\/\/digitalmagics.stage.de.dol.it\/#website"},"datePublished":"2015-01-20T08:59:20+00:00","dateModified":"2022-02-11T23:36:10+00:00","breadcrumb":{"@id":"https:\/\/digitalmagics.stage.de.dol.it\/en\/who\/contacts-2\/#breadcrumb"},"inLanguage":"en-US","potentialAction":[{"@type":"ReadAction","target":["https:\/\/digitalmagics.stage.de.dol.it\/en\/who\/contacts-2\/"]}]},{"@type":"BreadcrumbList","@id":"https:\/\/digitalmagics.stage.de.dol.it\/en\/who\/contacts-2\/#breadcrumb","itemListElement":[{"@type":"ListItem","position":1,"name":"Home","item":"https:\/\/digitalmagics.stage.de.dol.it\/en\/"},{"@type":"ListItem","position":2,"name":"Who","item":"https:\/\/digitalmagics.stage.de.dol.it\/en\/who\/"},{"@type":"ListItem","position":3,"name":"Contacts"}]}]}},"acf_fields":{"attiva_pagina_protetta":false,"immagine":false,"titolo":"","abstract":"","bottoni":false,"copertina":{"immagine":false,"titolo":"","abstract":"","bottoni":false}},"_links":{"self":[{"href":"https:\/\/digitalmagics.stage.de.dol.it\/en\/wp-json\/wp\/v2\/pages\/7339"}],"collection":[{"href":"https:\/\/digitalmagics.stage.de.dol.it\/en\/wp-json\/wp\/v2\/pages"}],"about":[{"href":"https:\/\/digitalmagics.stage.de.dol.it\/en\/wp-json\/wp\/v2\/types\/page"}],"author":[{"embeddable":true,"href":"https:\/\/digitalmagics.stage.de.dol.it\/en\/wp-json\/wp\/v2\/users\/1"}],"replies":[{"embeddable":true,"href":"https:\/\/digitalmagics.stage.de.dol.it\/en\/wp-json\/wp\/v2\/comments?post=7339"}],"version-history":[{"count":3,"href":"https:\/\/digitalmagics.stage.de.dol.it\/en\/wp-json\/wp\/v2\/pages\/7339\/revisions"}],"predecessor-version":[{"id":26283,"href":"https:\/\/digitalmagics.stage.de.dol.it\/en\/wp-json\/wp\/v2\/pages\/7339\/revisions\/26283"}],"up":[{"embeddable":true,"href":"https:\/\/digitalmagics.stage.de.dol.it\/en\/wp-json\/wp\/v2\/pages\/26151"}],"wp:attachment":[{"href":"https:\/\/digitalmagics.stage.de.dol.it\/en\/wp-json\/wp\/v2\/media?parent=7339"}],"curies":[{"name":"wp","href":"https:\/\/api.w.org\/{rel}","templated":true}]}}